{"id":452,"date":"2023-03-05T09:39:27","date_gmt":"2023-03-05T09:39:27","guid":{"rendered":"http:\/\/fuerteservicio.com\/?page_id=452"},"modified":"2024-04-14T23:22:25","modified_gmt":"2024-04-14T23:22:25","slug":"politica-de-privacidad","status":"publish","type":"page","link":"https:\/\/fuerteservicio.com\/en\/privacy-policy\/","title":{"rendered":"Privacy Policy"},"content":{"rendered":"<p>Controller of personal data: <br><strong>David Gonz\u00e1lez Mej\u00edas, 78XXXXXX-L<\/strong> domiciled in Spain. <br>hereafter <strong>THE WEBSITE MANAGER<\/strong>and whose contact e-mail address is <strong>gerencia@fuerteservicio.com<\/strong><\/p>\n\n\n\n<h2 class=\"wp-block-heading\"><strong>Data requested on the website and purpose of processing.<\/strong><\/h2>\n\n\n\n<p><br>-&nbsp;<strong>First name, surname and e-mail address in the forms of<br>contact:<\/strong>&nbsp;to make any direct contact with THE WEBSITE MANAGER, either to ask questions, make comments, make suggestions, request a service or product, or any other information. Failure to provide the minimum necessary personal data will make it impossible for THE WEBSITE MANAGER to respond to the request.<br>-&nbsp;<strong>Name and e-mail address:<\/strong>&nbsp;to be able to comment on the website's blog.<br>-&nbsp;<strong>Name and e-mail address for newsletter:<\/strong>&nbsp;with the express and voluntary consent of the owner of the data, the minimum information necessary to send an automated commercial newsletter will be requested on the website, which will provide information on advertising, promotions and other information on the services and\/or products offered by THE WEBSITE MANAGER.<br>If the user is under 16 years of age, they must have the authorisation of their parents or legal guardians to provide their personal data. THE WEBSITE MANAGER has no way of effectively checking the age of users, and is therefore exempt from any liability if the user does not comply with the above.<br>THE WEBSITE MANAGER will at all times ensure that the use made of the website, its contents and the processing of the user's personal data is carried out in the most correct manner. To this end, the user may always exercise their rights of access, rectification, cancellation, portability, forgetfulness or opposition, all in faithful compliance with the directives of the laws governing the matter, by writing to the following e-mail address&nbsp;<strong>info@fuerteservicio.com<\/strong><br>At no time will THE WEBSITE MANAGER share the data in its possession with third parties. In the event of doing so in order to fulfil the services contracted by a participant, to send the newsletter, to comply with legal requirements or for the administration of the website, the appropriate confidentiality agreements will be provided between the parties.<br>The links to third parties that can be found on the website have privacy policies that are not the responsibility of THE WEBSITE MANAGER. Access to these sites shall be the responsibility of the user, it being their responsibility to know them and their decision to accept them or not.<\/p>\n\n\n\n<h2 class=\"wp-block-heading\"><strong>FORMS<\/strong><\/h2>\n\n\n\n<p><br>The website has 4 types of forms:<br>Contact: the user, client or participant may find forms that will facilitate communication with THE WEBSITE MANAGER, to ask questions, make comments, request a quote, book any of the services offered on the website or demand any rights they may have. Failure to provide the minimum necessary personal data will make it impossible for THE WEBSITE MANAGER to respond to the request. This processing will be considered legitimate as part of a pre-contractual diligence. The WEBSITE MANAGER's website and e-mail server will be the data processors.<br><strong>Advertising:<\/strong>&nbsp;users, buyers or participants will be asked for their express and voluntary consent to provide THE WEBSITE MANAGER with the minimum data necessary to send advertising and commercial information related to the services and\/or products offered by THE WEBSITE MANAGER, to be added to an automated email marketing file managed by the data processor indicated below. The processing of the personal data contained in this section has been done with the consent of the owner of the data.<br><strong>For comments on the blog:<\/strong>&nbsp;in order to avoid spam, inappropriate messages, and to make a correct follow-up, the user will be asked for his\/her name and email to identify him\/her in the comments he\/she wishes to make in the blog entries. This data will be visible to other users of the website.<br>The website server will be in charge of the processing, which will be carried out with the consent of the data subject.<br><strong>To process the service request:<\/strong>&nbsp;users, customers or participants will be asked for their data so that THE WEBSITE MANAGER can process the services requested by the customer. Legitimate processing of personal data due to the contractual relationship that exists with the customer or participant. The data will be stored on the website server.<\/p>\n\n\n\n<h2 class=\"wp-block-heading\"><strong>DATA PROCESSORS<\/strong><\/h2>\n\n\n\n<p><br>THE WEBSITE MANAGER needs the support of third parties to adequately offer its services and products, with whom it concludes the appropriate confidentiality agreements and verifies compliance with the regulations on personal data protection. The data supplied to these third parties may not be used for other purposes not authorised by the owner of the data.<br>In compliance with the principles of information and transparency, the following is done<br>know that these third parties are:<\/p>\n\n\n\n<p>-&nbsp;<strong>Hostinger:<\/strong>&nbsp;Provides the web hosting service through the<br>company <strong>Hostinger International Ltd<\/strong> . Its headquarters are located in<br>in Cyprus, 61 Lordou Vironos str., 6023 Larnaca, Cyprus and its privacy policy<br>can be seen in&nbsp;<a href=\"https:\/\/www.hostinger.es\/politica-de-privacidad\" target=\"_blank\" rel=\"noreferrer noopener nofollow\">https:\/\/www.hostinger.es\/politica-de-privacidad<\/a><\/p>\n\n\n\n<p>-&nbsp;<strong>Google Analytics:<\/strong>&nbsp;Web analysis service, to view statistics on the use of the website. This service is provided by Google LLC, located in Mountain View, California, United States of America.<br>It is a signatory to the EU-US Privacy Shield which can be viewed at<br><a href=\"https:\/\/www.privacyshield.gov\/participant?id=a2zt000000001L5AAI&amp;status=Active\" target=\"_blank\" rel=\"noreferrer noopener nofollow\">https:\/\/www.privacyshield.gov\/participant?id=a2zt000000001L5AAI&amp;status=Active<\/a><br>If you would like to find out more about your<br>privacy can be consulted: <a href=\"https:\/\/policies.google.com\/privacy\" target=\"_blank\" rel=\"noreferrer noopener nofollow\">https:\/\/policies.google.com\/privacy<\/a><\/p>\n\n\n\n<p>-&nbsp;<strong>WhatsApp:<\/strong>&nbsp;Tool used for communication with users,<br>buyers, customers and participants via the company WhatsApp<br>Ireland Limited (for those located in Europe), you can<br>contact through the link<br>https:\/\/www.whatsapp.com\/contact\/?subject=messenger<br>and its privacy policy can be found at<br><a href=\"https:\/\/www.whatsapp.com\/legal?eea=1#privacy-policy\" target=\"_blank\" rel=\"noreferrer noopener nofollow\">https:\/\/www.whatsapp.com\/legal?eea=1#privacy-policy<\/a><br>In specific cases, THE WEBSITE MANAGER may use applications or tools that have not been included or named in this list, as a better option to assist in the performance of a particular task; if this should happen, THE WEBSITE MANAGER will notify its users, clients or participants of this situation, as the case may be.<\/p>\n\n\n\n<h2 class=\"wp-block-heading\"><strong>Companies:<\/strong> <\/h2>\n\n\n\n<p>That they advertise their services on THE WEBSITE and that they are responsible for user data when contacting and\/or contracting any external service from THE WEBSITE. <br>For example, by clicking and being redirected to the website of the company in question, by contacting by whatsapp and showing your phone number to the company offering the service or by phoning to contract a service. <br>The following companies are responsible for the services, collections, returns and processing of the data provided by the user outside THE WEBSITE.<br>We provide this information so that users can exercise their rights if they so wish.<\/p>\n\n\n\n<h3 class=\"gb-headline gb-headline-c677cc54 gb-headline-text\"><strong>Locksmith<\/strong> <\/h3>\n\n\n\n<p class=\"gb-headline gb-headline-74e0893f gb-headline-text\"><strong>Web address:<\/strong> <a href=\"https:\/\/fuerteservicio.com\/en\/locksmith-fuerteventura\/\" target=\"_blank\" rel=\"noreferrer noopener\">https:\/\/fuerteservicio.com\/cerrajero-fuerteventura\/<\/a><br><strong>Data controller:<\/strong> <strong><a href=\"https:\/\/maps.app.goo.gl\/ptafjzRQZRSwivUa9\" target=\"_blank\" rel=\"noreferrer noopener nofollow\">Serviseros24 Locksmiths<\/a><\/strong><\/p>\n\n\n\n<h3 class=\"gb-headline gb-headline-1169b7ba gb-headline-text\"><strong>Plumbing <\/strong><\/h3>\n\n\n\n<p class=\"gb-headline gb-headline-7bc09bd2 gb-headline-text\"><strong>Web address:<\/strong> <a href=\"https:\/\/fuerteservicio.com\/en\/plumbing-fuerteventura\/\" target=\"_blank\" rel=\"noreferrer noopener\">https:\/\/fuerteservicio.com\/fontaneria-fuerteventura\/<\/a><br><strong>Responsible for data processing: Plumber Alberto<br><\/strong><\/p>\n\n\n<div class=\"gb-container gb-container-85e5b69e\">\n\n<h3 class=\"gb-headline gb-headline-f9f354d8 gb-headline-text\"><strong>Electricity<\/strong><\/h3>\n\n\n\n<p class=\"gb-headline gb-headline-c151597b gb-headline-text\"><strong>Web address:<\/strong> <a href=\"https:\/\/fuerteservicio.com\/en\/electrician-fuerteventura\/\" target=\"_blank\" rel=\"noreferrer noopener\">https:\/\/fuerteservicio.com\/electricista-fuerteventura\/<\/a><br><strong>Data controller:<\/strong> <a href=\"https:\/\/fuerteclima.com\/aviso-legal-imprint\/\" target=\"_blank\" rel=\"noreferrer noopener nofollow\"><strong>FuerteClima<\/strong><\/a><br><\/p>\n\n<\/div>\n\n<div class=\"gb-container gb-container-5bc6e6fe\">\n\n<h3 class=\"gb-headline gb-headline-50387b9f gb-headline-text\"><strong>Fumigation<\/strong><\/h3>\n\n\n\n<p class=\"gb-headline gb-headline-6e27581e gb-headline-text\"><strong>Web address:<\/strong> <a href=\"https:\/\/fuerteservicio.com\/en\/fumigation-fuerteventura\/\" target=\"_blank\" rel=\"noreferrer noopener\">https:\/\/fuerteservicio.com\/fumigacion-fuerteventura\/<\/a><br><strong>Data controller:<\/strong> <strong><a href=\"https:\/\/www.crisofuerteventura.es\/politica-de-privacidad\" target=\"_blank\" rel=\"noreferrer noopener nofollow\">CRISO DESINSECTACIONES FUERTEVENTURA SL<\/a><\/strong><br><\/p>\n\n<\/div>\n\n<div class=\"gb-container gb-container-e5df7da9\">\n\n<h3 class=\"gb-headline gb-headline-54864b10 gb-headline-text\"><strong>Cleaning<\/strong><\/h3>\n\n\n\n<p class=\"gb-headline gb-headline-4f19051d gb-headline-text\"><strong>Web address:<\/strong> <a href=\"https:\/\/fuerteservicio.com\/en\/cleaning-fuerteventura\/\" target=\"_blank\" rel=\"noreferrer noopener\">https:\/\/fuerteservicio.com\/limpieza-fuerteventura\/<\/a><br><strong>Data controller:<\/strong> <strong><a href=\"https:\/\/tlqservicios.com\/politica-privacidad\/\" target=\"_blank\" rel=\"noreferrer noopener nofollow\">TLQ Services<\/a><\/strong><br><\/p>\n\n<\/div>\n\n<div class=\"gb-container gb-container-06c9e2a3\">\n\n<h3 class=\"gb-headline gb-headline-0c9bf138 gb-headline-text\"><strong>Informatic<\/strong><\/h3>\n\n\n\n<p class=\"gb-headline gb-headline-3d611458 gb-headline-text\"><strong>Web address:<\/strong> <a href=\"https:\/\/fuerteservicio.com\/en\/informatic-fuerteventura\/\" target=\"_blank\" rel=\"noreferrer noopener\">https:\/\/fuerteservicio.com\/informatica-fuerteventura\/<\/a><br><strong>Data controller:<\/strong> <strong><a href=\"https:\/\/www.fuernet.com\/politica-de-privacidad-fuernet-informatica\/\" target=\"_blank\" rel=\"noreferrer noopener nofollow\">Fuernet Computing<\/a><\/strong><br><\/p>\n\n<\/div>\n\n<div class=\"gb-container gb-container-b5ef7f49\">\n\n<h3 class=\"gb-headline gb-headline-6b2fffe6 gb-headline-text\"><strong>ITV<\/strong><\/h3>\n\n\n\n<p class=\"gb-headline gb-headline-a98279aa gb-headline-text\"><strong>Web address:<\/strong> <a href=\"https:\/\/fuerteservicio.com\/en\/itv-fuerteventura\/\" target=\"_blank\" rel=\"noreferrer noopener\">http<\/a>-WhatsApp<a href=\"https:\/\/fuerteservicio.com\/en\/itv-fuerteventura\/\" target=\"_blank\" rel=\"noreferrer noopener\">:\/\/fuerteservicio.com\/itv-fuerteventura\/<\/a><br><strong>Data controller:<\/strong> <strong><a href=\"https:\/\/www.itvmatorral.com\/politica-de-privacidad\/t-informatica\/\" target=\"_blank\" rel=\"noreferrer noopener nofollow\">ITEUVE Canarias Airport El Matorral S.L.<\/a><\/strong><br><\/p>\n\n<\/div>\n\n<div class=\"gb-container gb-container-a6da534b\">\n\n<h3 class=\"gb-headline gb-headline-9bec7482 gb-headline-text\"><strong>Tow Truck<\/strong><\/h3>\n\n\n\n<p class=\"gb-headline gb-headline-674b7650 gb-headline-text\"><strong>Web address:<\/strong> <a href=\"https:\/\/fuerteservicio.com\/en\/tow-truck-fuerteventura\/\" target=\"_blank\" rel=\"noreferrer noopener\">http<\/a>-WhatsApp<a href=\"https:\/\/fuerteservicio.com\/en\/tow-truck-fuerteventura\/\" target=\"_blank\" rel=\"noreferrer noopener\">:\/\/fuerteservicio.com\/grua-fuerteventura\/<\/a><br><strong>Data controller:<\/strong> <a href=\"https:\/\/www.gruasdomingofuerteventura.es\/es\/politica-de-privacidad\/\" target=\"_blank\" rel=\"noreferrer noopener\"><strong>DOMINGO PERDOMO SANTANA<\/strong><\/a><\/p>\n\n<\/div>\n\n\n<h2 class=\"wp-block-heading\"><strong>NEWSLETTER RELATED POLICIES<\/strong><\/h2>\n\n\n\n<p><br>These policies shall at all times be understood to be complementary to the terms and conditions set out on the website, both being of equal application at the time of a dispute. The privacy and intellectual property policy applied shall be the same as that set out in the terms and conditions of the website.<br>Newsletter\" shall mean the digital bulletin that THE WEBSITE MANAGER periodically issues and sends to its subscribers through an external e-mail service provider, to which the user has subscribed voluntarily.<br>THE WEBSITE MANAGER is under no obligation to send the newsletter at defined periods of time, and is therefore completely free to do so whenever it sees fit. Users may at any time exercise their rights of access, rectification, cancellation or opposition by following the instructions at the bottom of the newsletter.<br>The user must not share its content with third parties, as this would violate THE WEBSITE MANAGER's copyright. The only possible distribution channel is the one managed and\/or authorised by THE WEBSITE MANAGER.<br>THE WEBSITE MANAGER shall not be held responsible for the content of third parties displayed in the newsletter, any dispute arising shall be dealt with directly with the person or company mentioned.<br>All material displayed in the newsletter is protected by copyright in favour of THE WEBSITE MANAGER, and in the event that it belongs to third parties, it is understood that THE WEBSITE MANAGER has due authorisation to use it as agreed with the author.<\/p>\n\n\n\n<h2 class=\"wp-block-heading\"><strong>DURATION OF TREATMENT<\/strong><\/h2>\n\n\n\n<p><br>In the case of personal data provided for invoicing and purchase of products or services, they will be stored for the time legally applicable by the platform that performs the billing. In the case of personal data provided for electronic commercial newsletters and comments on the blog, it will be for as long as the owner of the data wishes to remain on the subscription list, so you can unsubscribe at any time you wish, automatically as indicated in each newsletter, or by writing to the email.<\/p>","protected":false},"excerpt":{"rendered":"<p>Responsable de los datos personales: David Gonz\u00e1lez Mej\u00edas, 78XXXXXX-L con domicilio en Espa\u00f1a. en lo adelante EL GESTOR DEL SITIO WEB, y cuyo correo electr\u00f3nico de contacto es: gerencia@fuerteservicio.com Datos solicitados en el sitio web y finalidad del tratamiento. \u2022&nbsp;Nombre, apellidos y correo electr\u00f3nico en los formularios decontacto:&nbsp;para realizar cualquier contacto directo con EL GESTOR &#8230; <a title=\"Privacy Policy\" class=\"read-more\" href=\"https:\/\/fuerteservicio.com\/en\/privacy-policy\/\" aria-label=\"Read more about Privacy Policy\">Read more<\/a><\/p>","protected":false},"author":1,"featured_media":0,"parent":0,"menu_order":0,"comment_status":"closed","ping_status":"closed","template":"","meta":{"_kad_blocks_custom_css":"","_kad_blocks_head_custom_js":"","_kad_blocks_body_custom_js":"","_kad_blocks_footer_custom_js":"","footnotes":""},"class_list":["post-452","page","type-page","status-publish"],"yoast_head":"<!-- This site is optimized with the Yoast SEO plugin v26.9 - https:\/\/yoast.com\/product\/yoast-seo-wordpress\/ -->\n<title>Pol\u00edtica de Privacidad - FuerteServicio.com<\/title>\n<meta name=\"robots\" content=\"noindex, nofollow\" \/>\n<meta property=\"og:locale\" content=\"en_GB\" \/>\n<meta property=\"og:type\" content=\"article\" \/>\n<meta property=\"og:title\" content=\"Pol\u00edtica de Privacidad - FuerteServicio.com\" \/>\n<meta property=\"og:description\" content=\"Responsable de los datos personales: David Gonz\u00e1lez Mej\u00edas, 78XXXXXX-L con domicilio en Espa\u00f1a. en lo adelante EL GESTOR DEL SITIO WEB, y cuyo correo electr\u00f3nico de contacto es: gerencia@fuerteservicio.com Datos solicitados en el sitio web y finalidad del tratamiento. \u2022&nbsp;Nombre, apellidos y correo electr\u00f3nico en los formularios decontacto:&nbsp;para realizar cualquier contacto directo con EL GESTOR ... Leer m\u00e1s\" \/>\n<meta property=\"og:url\" content=\"https:\/\/fuerteservicio-com-480011.hostingersite.com\/politica-de-privacidad\/\" \/>\n<meta property=\"og:site_name\" content=\"Servicios Fuerteventura\" \/>\n<meta property=\"article:modified_time\" content=\"2024-04-14T23:22:25+00:00\" \/>\n<meta name=\"twitter:card\" content=\"summary_large_image\" \/>\n<meta name=\"twitter:label1\" content=\"Estimated reading time\" \/>\n\t<meta name=\"twitter:data1\" content=\"8 minutes\" \/>\n<script type=\"application\/ld+json\" class=\"yoast-schema-graph\">{\"@context\":\"https:\/\/schema.org\",\"@graph\":[{\"@type\":\"WebPage\",\"@id\":\"https:\/\/fuerteservicio-com-480011.hostingersite.com\/politica-de-privacidad\/\",\"url\":\"https:\/\/fuerteservicio-com-480011.hostingersite.com\/politica-de-privacidad\/\",\"name\":\"Pol\u00edtica de Privacidad - FuerteServicio.com\",\"isPartOf\":{\"@id\":\"https:\/\/fuerteservicio-com-480011.hostingersite.com\/#website\"},\"datePublished\":\"2023-03-05T09:39:27+00:00\",\"dateModified\":\"2024-04-14T23:22:25+00:00\",\"breadcrumb\":{\"@id\":\"https:\/\/fuerteservicio-com-480011.hostingersite.com\/politica-de-privacidad\/#breadcrumb\"},\"inLanguage\":\"en-GB\",\"potentialAction\":[{\"@type\":\"ReadAction\",\"target\":[\"https:\/\/fuerteservicio-com-480011.hostingersite.com\/politica-de-privacidad\/\"]}]},{\"@type\":\"BreadcrumbList\",\"@id\":\"https:\/\/fuerteservicio-com-480011.hostingersite.com\/politica-de-privacidad\/#breadcrumb\",\"itemListElement\":[{\"@type\":\"ListItem\",\"position\":1,\"name\":\"Portada\",\"item\":\"https:\/\/fuerteservicio-com-480011.hostingersite.com\/\"},{\"@type\":\"ListItem\",\"position\":2,\"name\":\"Pol\u00edtica de Privacidad\"}]},{\"@type\":\"WebSite\",\"@id\":\"https:\/\/fuerteservicio-com-480011.hostingersite.com\/#website\",\"url\":\"https:\/\/fuerteservicio-com-480011.hostingersite.com\/\",\"name\":\"Fuerteservicio\",\"description\":\"Tu portal de confianza para todos los servicios que necesites en Fuerteventura\",\"publisher\":{\"@id\":\"https:\/\/fuerteservicio-com-480011.hostingersite.com\/#organization\"},\"alternateName\":\"Servicios Fuerteventura\",\"potentialAction\":[{\"@type\":\"SearchAction\",\"target\":{\"@type\":\"EntryPoint\",\"urlTemplate\":\"https:\/\/fuerteservicio-com-480011.hostingersite.com\/?s={search_term_string}\"},\"query-input\":{\"@type\":\"PropertyValueSpecification\",\"valueRequired\":true,\"valueName\":\"search_term_string\"}}],\"inLanguage\":\"en-GB\"},{\"@type\":\"Organization\",\"@id\":\"https:\/\/fuerteservicio-com-480011.hostingersite.com\/#organization\",\"name\":\"Fuerteservicio\",\"url\":\"https:\/\/fuerteservicio-com-480011.hostingersite.com\/\",\"logo\":{\"@type\":\"ImageObject\",\"inLanguage\":\"en-GB\",\"@id\":\"https:\/\/fuerteservicio-com-480011.hostingersite.com\/#\/schema\/logo\/image\/\",\"url\":\"https:\/\/fuerteservicio.com\/wp-content\/uploads\/2023\/10\/cropped-Logo-Fuerte-Servicio.webp\",\"contentUrl\":\"https:\/\/fuerteservicio.com\/wp-content\/uploads\/2023\/10\/cropped-Logo-Fuerte-Servicio.webp\",\"width\":500,\"height\":100,\"caption\":\"Fuerteservicio\"},\"image\":{\"@id\":\"https:\/\/fuerteservicio-com-480011.hostingersite.com\/#\/schema\/logo\/image\/\"}}]}<\/script>\n<!-- \/ Yoast SEO plugin. -->","yoast_head_json":{"title":"Privacy Policy - FuerteServicio.com","robots":{"index":"noindex","follow":"nofollow"},"og_locale":"en_GB","og_type":"article","og_title":"Pol\u00edtica de Privacidad - FuerteServicio.com","og_description":"Responsable de los datos personales: David Gonz\u00e1lez Mej\u00edas, 78XXXXXX-L con domicilio en Espa\u00f1a. en lo adelante EL GESTOR DEL SITIO WEB, y cuyo correo electr\u00f3nico de contacto es: gerencia@fuerteservicio.com Datos solicitados en el sitio web y finalidad del tratamiento. \u2022&nbsp;Nombre, apellidos y correo electr\u00f3nico en los formularios decontacto:&nbsp;para realizar cualquier contacto directo con EL GESTOR ... Leer m\u00e1s","og_url":"https:\/\/fuerteservicio-com-480011.hostingersite.com\/politica-de-privacidad\/","og_site_name":"Servicios Fuerteventura","article_modified_time":"2024-04-14T23:22:25+00:00","twitter_card":"summary_large_image","twitter_misc":{"Estimated reading time":"8 minutes"},"schema":{"@context":"https:\/\/schema.org","@graph":[{"@type":"WebPage","@id":"https:\/\/fuerteservicio-com-480011.hostingersite.com\/politica-de-privacidad\/","url":"https:\/\/fuerteservicio-com-480011.hostingersite.com\/politica-de-privacidad\/","name":"Privacy Policy - FuerteServicio.com","isPartOf":{"@id":"https:\/\/fuerteservicio-com-480011.hostingersite.com\/#website"},"datePublished":"2023-03-05T09:39:27+00:00","dateModified":"2024-04-14T23:22:25+00:00","breadcrumb":{"@id":"https:\/\/fuerteservicio-com-480011.hostingersite.com\/politica-de-privacidad\/#breadcrumb"},"inLanguage":"en-GB","potentialAction":[{"@type":"ReadAction","target":["https:\/\/fuerteservicio-com-480011.hostingersite.com\/politica-de-privacidad\/"]}]},{"@type":"BreadcrumbList","@id":"https:\/\/fuerteservicio-com-480011.hostingersite.com\/politica-de-privacidad\/#breadcrumb","itemListElement":[{"@type":"ListItem","position":1,"name":"Portada","item":"https:\/\/fuerteservicio-com-480011.hostingersite.com\/"},{"@type":"ListItem","position":2,"name":"Pol\u00edtica de Privacidad"}]},{"@type":"WebSite","@id":"https:\/\/fuerteservicio-com-480011.hostingersite.com\/#website","url":"https:\/\/fuerteservicio-com-480011.hostingersite.com\/","name":"Fuerteservicio","description":"Your reliable portal for all the services you need in Fuerteventura","publisher":{"@id":"https:\/\/fuerteservicio-com-480011.hostingersite.com\/#organization"},"alternateName":"Servicios Fuerteventura","potentialAction":[{"@type":"SearchAction","target":{"@type":"EntryPoint","urlTemplate":"https:\/\/fuerteservicio-com-480011.hostingersite.com\/?s={search_term_string}"},"query-input":{"@type":"PropertyValueSpecification","valueRequired":true,"valueName":"search_term_string"}}],"inLanguage":"en-GB"},{"@type":"Organization","@id":"https:\/\/fuerteservicio-com-480011.hostingersite.com\/#organization","name":"Fuerteservicio","url":"https:\/\/fuerteservicio-com-480011.hostingersite.com\/","logo":{"@type":"ImageObject","inLanguage":"en-GB","@id":"https:\/\/fuerteservicio-com-480011.hostingersite.com\/#\/schema\/logo\/image\/","url":"https:\/\/fuerteservicio.com\/wp-content\/uploads\/2023\/10\/cropped-Logo-Fuerte-Servicio.webp","contentUrl":"https:\/\/fuerteservicio.com\/wp-content\/uploads\/2023\/10\/cropped-Logo-Fuerte-Servicio.webp","width":500,"height":100,"caption":"Fuerteservicio"},"image":{"@id":"https:\/\/fuerteservicio-com-480011.hostingersite.com\/#\/schema\/logo\/image\/"}}]}},"taxonomy_info":[],"featured_image_src_large":false,"author_info":{"display_name":"admin","author_link":"https:\/\/fuerteservicio.com\/en\/author\/admin\/"},"comment_info":0,"_links":{"self":[{"href":"https:\/\/fuerteservicio.com\/en\/wp-json\/wp\/v2\/pages\/452","targetHints":{"allow":["GET"]}}],"collection":[{"href":"https:\/\/fuerteservicio.com\/en\/wp-json\/wp\/v2\/pages"}],"about":[{"href":"https:\/\/fuerteservicio.com\/en\/wp-json\/wp\/v2\/types\/page"}],"author":[{"embeddable":true,"href":"https:\/\/fuerteservicio.com\/en\/wp-json\/wp\/v2\/users\/1"}],"replies":[{"embeddable":true,"href":"https:\/\/fuerteservicio.com\/en\/wp-json\/wp\/v2\/comments?post=452"}],"version-history":[{"count":19,"href":"https:\/\/fuerteservicio.com\/en\/wp-json\/wp\/v2\/pages\/452\/revisions"}],"predecessor-version":[{"id":1790,"href":"https:\/\/fuerteservicio.com\/en\/wp-json\/wp\/v2\/pages\/452\/revisions\/1790"}],"wp:attachment":[{"href":"https:\/\/fuerteservicio.com\/en\/wp-json\/wp\/v2\/media?parent=452"}],"curies":[{"name":"wp","href":"https:\/\/api.w.org\/{rel}","templated":true}]}}