{"id":315,"date":"2023-03-05T17:11:56","date_gmt":"2023-03-05T17:11:56","guid":{"rendered":"http:\/\/fuerteservicio.com\/?page_id=315"},"modified":"2026-05-06T12:24:43","modified_gmt":"2026-05-06T12:24:43","slug":"servicios-fuerteventura","status":"publish","type":"page","link":"https:\/\/fuerteservicio.com\/en\/","title":{"rendered":"Fuerte Services"},"content":{"rendered":"\n<head>\n<script type=\"application\/ld+json\">\n{\n  \"@context\": \"https:\/\/schema.org\/\",\n  \"@type\": \"LocalBusiness\",\n  \"name\": \"FuerteServicio.com\",\n  \"description\": \"Aqu\u00ed encontrar\u00e1s todos los servicios que puedas necesitar en la isla de Fuerteventura, desde cerrajer\u00eda a fontaner\u00eda, hasta tr\u00e1mites, gr\u00faas y otros profesionales\",\n  \"image\": [\n    \"http:\/\/fuerteservicio.com\/wp-content\/uploads\/2023\/03\/Fuerte-servicio.png\"\n  ],\n  \"address\": {\n    \"@type\": \"PostalAddress\",\n    \"addressLocality\": \"Fuerteventura\",\n    \"addressCountry\": \"Espa\u00f1a\"\n  },\n  \"telephone\": \"\",\n  \"email\": \"info@fuerteservicio.com\",\n  \"url\": \"http:\/\/fuerteservicio.com\",\n  \"sameAs\": [\n    \"https:\/\/www.facebook.com\/FuerteServicio\"\n  ],\n  \"logo\": \"http:\/\/fuerteservicio.com\/wp-content\/uploads\/2023\/03\/Logo-Fuerteservicio.png\",\n  \"areaServed\": {\n    \"@type\": \"AdministrativeArea\",\n    \"name\": \"Fuerteventura\"\n  },\n  \"review\": {\n    \"@type\": \"Review\",\n    \"reviewBody\": \"Incre\u00edble que tengamos una empresa as\u00ed en Fuerteventura y cada vez que miro, han a\u00f1adido m\u00e1s servicios. A partir de ahora, siempre mirar\u00e9 primero en FuerteServicio, ya que es muy c\u00f3modo tener todos los servicios a mano\",\n    \"author\": {\n      \"@type\": \"Person\",\n      \"name\": \"Juli\u00e1n Lopez\"\n    }\n  },\n  \"hasOfferCatalog\": {\n    \"@type\": \"OfferCatalog\",\n    \"name\": \"Servicios Destacados\",\n    \"itemListElement\": [\n      {\n          \/* CERRAJERO FUERTEVENTURA *\/\n        \"@context\": \"https:\/\/schema.org\/\",\n        \"@type\": \"Service\",\n        \"name\": \"Cerrajero Fuerteventura\",\n        \"url\": \"http:\/\/fuerteservicio.com\/cerrajero-fuerteventura\/\",\n        \"description\": \"Servicio de cerrajer\u00eda a domicilio en toda la isla de Fuerteventura. Disponible las 24 horas del d\u00eda, los 7 d\u00edas de la semana. Personal altamente cualificado y con experiencia en el sector.\",\n        \"image\": \"http:\/\/fuerteservicio.com\/wp-content\/uploads\/2023\/02\/cerrajero-24-horas-puerto-del-rosario-e1677277127866.png\",\n        \"provider\": {\n          \"@type\": \"Organization\",\n          \"name\": \"Cerrajero Fuerteventura\",\n          \"telephone\": \"+34696153117\"\n           \/* a\u00f1adir coma despu\u00e9s del tel\u00e9fono en caso de a\u00f1adir el correo as\u00ed: \"email\": \"ejemplo@fuerteservicio.com\" *\/\n        },\n        \"areaServed\": {\n          \"@type\": \"AdministrativeArea\",\n          \"name\": \"Fuerteventura\"\n        }\n      },\n{\n  \t\t\t\/* FONTAER\u00cdA FUERTEVENTURA *\/\n        \"@context\": \"https:\/\/schema.org\/\",\n        \"@type\": \"Service\",\n        \"name\": \"Fontaner\u00eda Fuerteventura\",\n        \"url\": \"http:\/\/fuerteservicio.com\/fontaneria-fuerteventura\/\",\n        \"description\": \"Fugas de agua, desatascos, mantenimiento, reparaci\u00f3n e instalaci\u00f3n de duchas, ba\u00f1eras, retretes, calentadores de agua etc\u00e9tera. Profesionales cualificados con a\u00f1os de experiencia\",\n        \"image\": \"http:\/\/fuerteservicio.com\/wp-content\/uploads\/2023\/02\/fontanero-puerto-del-rosario.png\",\n        \"provider\": {\n          \"@type\": \"Organization\",\n          \"name\": \"Fontaner\u00eda Fuerteventura\",\n          \"telephone\": \"+34928548016\"\n           \/* a\u00f1adir coma despu\u00e9s del tel\u00e9fono en caso de a\u00f1adir el correo as\u00ed: \"email\": \"ejemplo@fuerteservicio.com\" *\/\n        },\n        \"areaServed\": {\n          \"@type\": \"AdministrativeArea\",\n          \"name\": \"Fuerteventura\"\n        }\n      }, \/* a\u00f1adir una coma despu\u00e9s de \u201c}\u201d en caso de a\u00f1adir otro servicio*\/\n{\n  \t\t\t\/* ELECTRICIDAD FUERTEVENTURA *\/\n        \"@context\": \"https:\/\/schema.org\/\",\n        \"@type\": \"Service\",\n        \"name\": \"Electricista Fuerteventura\",\n        \"url\": \"http:\/\/fuerteservicio.com\/electricista-fuerteventura\/\",\n        \"description\": \"Profesionales certificados para realizar el mantenimiento y la puesta en marcha de instalaciones el\u00e9ctricas completas. Adem\u00e1s, tambi\u00e9n hacemos instalaciones de energ\u00edas renovables y firmamos boletines el\u00e9ctricos.\",\n        \"image\": \"http:\/\/fuerteservicio.com\/wp-content\/uploads\/2023\/02\/instalacion-de-paneles-solares-Fuerteventura.png\",\n        \"provider\": {\n          \"@type\": \"Organization\",\n          \"name\": \"Electricista Fuerteventura\",\n          \"telephone\": \"+34928162183\"\n        \/* a\u00f1adir coma despu\u00e9s del tel\u00e9fono en caso de a\u00f1adir el correo as\u00ed: \"email\": \"ejemplo@fuerteservicio.com\" *\/\n        },\n        \"areaServed\": {\n          \"@type\": \"AdministrativeArea\",\n          \"name\": \"Fuerteventura\"\n        }\n      }, \/* a\u00f1adir una coma despu\u00e9s de \u201c}\u201d en caso de a\u00f1adir otro servicio*\/\n{\n  \t\t\t\/* FUMIGACI\u00d3N FUERTEVENTURA *\/\n        \"@context\": \"https:\/\/schema.org\/\",\n        \"@type\": \"Service\",\n        \"name\": \"Fumigaci\u00f3n Fuerteventura\",\n        \"url\": \"http:\/\/fuerteservicio.com\/fumigacion-fuerteventura\/\",\n        \"description\": \"\u00bfCansado de plagas de cucarachas, mosquitos y otros indeseables? Ll\u00e1manos y nos encargamos de todo en tiempo r\u00e9cord gracias a nuestros m\u00e9todos de \u00faltima generaci\u00f3n. Presupuesto ajustado a tus necesidades\",\n        \"image\": \"http:\/\/fuerteservicio.com\/wp-content\/uploads\/2023\/03\/empresas-de-fumigacion-fuerteventura-1.png\",\n        \"provider\": {\n          \"@type\": \"Organization\",\n          \"name\": \"Fumigaci\u00f3n Fuerteventura\",\n          \"telephone\": \"+34622411367\"\n        \/* a\u00f1adir coma despu\u00e9s del tel\u00e9fono en caso de a\u00f1adir el correo as\u00ed: \"email\": \"ejemplo@fuerteservicio.com\" *\/\n        },\n        \"areaServed\": {\n          \"@type\": \"AdministrativeArea\",\n          \"name\": \"Fuerteventura\"\n        }\n      }, \/* a\u00f1adir una coma despu\u00e9s de \u201c}\u201d en caso de a\u00f1adir otro servicio*\/\n{\n  \t\t\t\/* PUBLICIDAD FUERTEVENTURA *\/\n        \"@context\": \"https:\/\/schema.org\/\",\n        \"@type\": \"Service\",\n        \"name\": \"Publicidad Fuerteventura\",\n        \"url\": \"http:\/\/fuerteservicio.com\/publicidad-fuerteventura\/\",\n        \"description\": \"No pierdas la oportunidad de disponer en exclusiva, de una p\u00e1gina para tu empresa dentro de nuestro sitio web. Dile adi\u00f3s a la competencia porque nadie m\u00e1s ofrecer\u00e1 tus servicios en nuestra web \",\n        \"image\": \"http:\/\/fuerteservicio.com\/wp-content\/uploads\/2023\/03\/SEO-Fuerteventura.png\",\n        \"provider\": {\n          \"@type\": \"Organization\",\n          \"name\": \"Fuerte Seo\",\n          \"telephone\": \"\",\n        \"email\": \"empresas@fuerteservicio.com\"\n        },\n        \"areaServed\": {\n          \"@type\": \"AdministrativeArea\",\n          \"name\": \"Fuerteventura\"\n        }\n      }, \/* a\u00f1adir una coma despu\u00e9s de \u201c}\u201d en caso de a\u00f1adir otro servicio*\/\n      {\n  \t\t\t\/* PUBLICIDAD FUERTEVENTURA *\/\n        \"@context\": \"https:\/\/schema.org\/\",\n        \"@type\": \"Service\",\n        \"name\": \"Limpieza Fuerteventura\",\n        \"url\": \"http:\/\/fuerteservicio.com\/limpieza-fuerteventura\/\",\n        \"description\": \"Limpiezas y desinfecci\u00f3n en toda la isla de Fuerteventura de la mano de una empresa l\u00edder y con un equipo de profesionales equipados con las \u00faltimas herramientas y maquinaria para limpiar\",\n        \"image\": \"http:\/\/fuerteservicio.com\/wp-content\/uploads\/2023\/03\/Limpieza-de-espacios-publicos-Fuerteventura.png\",\n        \"provider\": {\n          \"@type\": \"Organization\",\n          \"name\": \"Limpieza Fuerteventura\",\n          \"telephone\": \"+34622411367\"\n        },\n        \"areaServed\": {\n          \"@type\": \"AdministrativeArea\",\n          \"name\": \"Fuerteventura\"\n        }\n      } \/* a\u00f1adir una coma despu\u00e9s de \u201c}\u201d en caso de a\u00f1adir otro servicio*\/\n]\n  }\n}    \n<\/script>\n  <\/head>\n\n\n<div class=\"gb-container gb-container-afc0fd99 alignfull\"><div class=\"gb-inside-container\">\n<div class=\"gb-grid-wrapper gb-grid-wrapper-251dce40\">\n<div class=\"gb-grid-column gb-grid-column-50dd4080\"><div class=\"gb-container gb-container-50dd4080\">\n\n<h1 class=\"gb-headline gb-headline-27780418 gb-headline-text\"><strong>Servicios Fuerteventura<\/strong><\/h1>\n\n\n\n<p class=\"gb-headline gb-headline-4ef26965 gb-headline-text\">Todos los servicios que necesitas, en un mismo lugar.<\/p>\n\n\n\n<p class=\"gb-headline gb-headline-44011d25 gb-headline-text\"><br><strong>Nada se rompe de verdad, hasta que no podemos arreglarlo<\/strong><\/p>\n\n<\/div><\/div>\n\n<div class=\"gb-grid-column gb-grid-column-e55e3888\"><div class=\"gb-container gb-container-e55e3888\"><div class=\"gb-inside-container\">\n\n<figure class=\"gb-block-image gb-block-image-f11ca421\"><img loading=\"lazy\" decoding=\"async\" width=\"400\" height=\"400\" class=\"gb-image gb-image-f11ca421\" src=\"http:\/\/fuerteservicio.com\/wp-content\/uploads\/2023\/03\/Fuerte-servicio-Fuerteventura.png\" alt=\"Servicios en Fuerteventura\" title=\"Fuerte servicio Fuerteventura\" srcset=\"https:\/\/fuerteservicio.com\/wp-content\/uploads\/2023\/03\/Fuerte-servicio-Fuerteventura.png 400w, https:\/\/fuerteservicio.com\/wp-content\/uploads\/2023\/03\/Fuerte-servicio-Fuerteventura-300x300.png 300w, https:\/\/fuerteservicio.com\/wp-content\/uploads\/2023\/03\/Fuerte-servicio-Fuerteventura-150x150.png 150w\" sizes=\"auto, (max-width: 400px) 100vw, 400px\" \/><\/figure>\n\n<\/div><\/div><\/div>\n<\/div>\n<\/div><\/div>\n\n<div class=\"gb-container gb-container-0c3b1703\">\n<div class=\"gb-grid-wrapper gb-grid-wrapper-9ca8cb57\">\n<div class=\"gb-grid-column gb-grid-column-d0c9c92a\"><div class=\"gb-container gb-container-d0c9c92a\">\n<div class=\"gb-container gb-container-3bdf2a68\">\n\n<h2 class=\"gb-headline gb-headline-7bee114d gb-headline-text\">\u00bfQu\u00e9 profesional necesitas?<\/h2>\n\n\n\n<div class=\"gb-grid-wrapper gb-grid-wrapper-cd6ef286 gb-query-loop-wrapper\">\n<div class=\"gb-grid-column gb-grid-column-97f899be gb-query-loop-item post-21 page type-page status-publish has-post-thumbnail\"><div class=\"gb-container gb-container-97f899be shadow-box-gris\">\n<figure class=\"gb-block-image gb-block-image-fb4b2e5b\"><a href=\"https:\/\/fuerteservicio.com\/en\/locksmith-fuerteventura\/\"><img loading=\"lazy\" decoding=\"async\" width=\"640\" height=\"360\" src=\"https:\/\/fuerteservicio.com\/wp-content\/uploads\/2023\/03\/cerrajero-profesional.png\" class=\"gb-image-fb4b2e5b\" alt=\"cerrajero fuerteventura\" srcset=\"https:\/\/fuerteservicio.com\/wp-content\/uploads\/2023\/03\/cerrajero-profesional.png 640w, https:\/\/fuerteservicio.com\/wp-content\/uploads\/2023\/03\/cerrajero-profesional-300x169.png 300w\" sizes=\"auto, (max-width: 640px) 100vw, 640px\" \/><\/a><\/figure>\n\n<h3 class=\"gb-headline gb-headline-35165ea3 gb-headline-text\"><a href=\"https:\/\/fuerteservicio.com\/en\/locksmith-fuerteventura\/\">Cerrajero<\/a><\/h3>\n<\/div><\/div>\n\n<div class=\"gb-grid-column gb-grid-column-97f899be gb-query-loop-item post-151 page type-page status-publish has-post-thumbnail\"><div class=\"gb-container gb-container-97f899be shadow-box-gris\">\n<figure class=\"gb-block-image gb-block-image-fb4b2e5b\"><a href=\"https:\/\/fuerteservicio.com\/en\/plumbing-fuerteventura\/\"><img loading=\"lazy\" decoding=\"async\" width=\"640\" height=\"360\" src=\"https:\/\/fuerteservicio.com\/wp-content\/uploads\/2023\/02\/cambiar-termo-fuerteventura.png\" class=\"gb-image-fb4b2e5b\" alt=\"fontanero fuerteventura\" srcset=\"https:\/\/fuerteservicio.com\/wp-content\/uploads\/2023\/02\/cambiar-termo-fuerteventura.png 640w, https:\/\/fuerteservicio.com\/wp-content\/uploads\/2023\/02\/cambiar-termo-fuerteventura-300x169.png 300w\" sizes=\"auto, (max-width: 640px) 100vw, 640px\" \/><\/a><\/figure>\n\n<h3 class=\"gb-headline gb-headline-35165ea3 gb-headline-text\"><a href=\"https:\/\/fuerteservicio.com\/en\/plumbing-fuerteventura\/\">Fontanero<\/a><\/h3>\n<\/div><\/div>\n\n<div class=\"gb-grid-column gb-grid-column-97f899be gb-query-loop-item post-258 page type-page status-publish has-post-thumbnail\"><div class=\"gb-container gb-container-97f899be shadow-box-gris\">\n<figure class=\"gb-block-image gb-block-image-fb4b2e5b\"><a href=\"https:\/\/fuerteservicio.com\/en\/electrician-fuerteventura\/\"><img loading=\"lazy\" decoding=\"async\" width=\"640\" height=\"360\" src=\"https:\/\/fuerteservicio.com\/wp-content\/uploads\/2023\/02\/reparacion-averia-electrica-fuerteventura.png\" class=\"gb-image-fb4b2e5b\" alt=\"electricidad fuerteventura\" srcset=\"https:\/\/fuerteservicio.com\/wp-content\/uploads\/2023\/02\/reparacion-averia-electrica-fuerteventura.png 640w, https:\/\/fuerteservicio.com\/wp-content\/uploads\/2023\/02\/reparacion-averia-electrica-fuerteventura-300x169.png 300w\" sizes=\"auto, (max-width: 640px) 100vw, 640px\" \/><\/a><\/figure>\n\n<h3 class=\"gb-headline gb-headline-35165ea3 gb-headline-text\"><a href=\"https:\/\/fuerteservicio.com\/en\/electrician-fuerteventura\/\">Electricista<\/a><\/h3>\n<\/div><\/div>\n\n<div class=\"gb-grid-column gb-grid-column-97f899be gb-query-loop-item post-358 page type-page status-publish has-post-thumbnail\"><div class=\"gb-container gb-container-97f899be shadow-box-gris\">\n<figure class=\"gb-block-image gb-block-image-fb4b2e5b\"><a href=\"https:\/\/fuerteservicio.com\/en\/fumigation-fuerteventura\/\"><img loading=\"lazy\" decoding=\"async\" width=\"640\" height=\"360\" src=\"https:\/\/fuerteservicio.com\/wp-content\/uploads\/2023\/03\/empresas-de-fumigacion-fuerteventura-1.png\" class=\"gb-image-fb4b2e5b\" alt=\"fumigacion fuerteventura\" srcset=\"https:\/\/fuerteservicio.com\/wp-content\/uploads\/2023\/03\/empresas-de-fumigacion-fuerteventura-1.png 640w, https:\/\/fuerteservicio.com\/wp-content\/uploads\/2023\/03\/empresas-de-fumigacion-fuerteventura-1-300x169.png 300w\" sizes=\"auto, (max-width: 640px) 100vw, 640px\" \/><\/a><\/figure>\n\n<h3 class=\"gb-headline gb-headline-35165ea3 gb-headline-text\"><a href=\"https:\/\/fuerteservicio.com\/en\/fumigation-fuerteventura\/\">Fumigaci\u00f3n<\/a><\/h3>\n<\/div><\/div>\n\n<div class=\"gb-grid-column gb-grid-column-97f899be gb-query-loop-item post-467 page type-page status-publish has-post-thumbnail\"><div class=\"gb-container gb-container-97f899be shadow-box-gris\">\n<figure class=\"gb-block-image gb-block-image-fb4b2e5b\"><a href=\"https:\/\/fuerteservicio.com\/en\/advertising-fuerteventura\/\"><img loading=\"lazy\" decoding=\"async\" width=\"640\" height=\"360\" src=\"https:\/\/fuerteservicio.com\/wp-content\/uploads\/2023\/03\/SEO-Fuerteventura.png\" class=\"gb-image-fb4b2e5b\" alt=\"marketing fuerteventura\" srcset=\"https:\/\/fuerteservicio.com\/wp-content\/uploads\/2023\/03\/SEO-Fuerteventura.png 640w, https:\/\/fuerteservicio.com\/wp-content\/uploads\/2023\/03\/SEO-Fuerteventura-300x169.png 300w\" sizes=\"auto, (max-width: 640px) 100vw, 640px\" \/><\/a><\/figure>\n\n<h3 class=\"gb-headline gb-headline-35165ea3 gb-headline-text\"><a href=\"https:\/\/fuerteservicio.com\/en\/advertising-fuerteventura\/\">Publicidad<\/a><\/h3>\n<\/div><\/div>\n\n<div class=\"gb-grid-column gb-grid-column-97f899be gb-query-loop-item post-752 page type-page status-publish has-post-thumbnail\"><div class=\"gb-container gb-container-97f899be shadow-box-gris\">\n<figure class=\"gb-block-image gb-block-image-fb4b2e5b\"><a href=\"https:\/\/fuerteservicio.com\/en\/cleaning-fuerteventura\/\"><img loading=\"lazy\" decoding=\"async\" width=\"480\" height=\"270\" src=\"https:\/\/fuerteservicio.com\/wp-content\/uploads\/2023\/03\/Limpieza-de-casas-fuerteventura.png\" class=\"gb-image-fb4b2e5b\" alt=\"\" srcset=\"https:\/\/fuerteservicio.com\/wp-content\/uploads\/2023\/03\/Limpieza-de-casas-fuerteventura.png 480w, https:\/\/fuerteservicio.com\/wp-content\/uploads\/2023\/03\/Limpieza-de-casas-fuerteventura-300x169.png 300w\" sizes=\"auto, (max-width: 480px) 100vw, 480px\" \/><\/a><\/figure>\n\n<h3 class=\"gb-headline gb-headline-35165ea3 gb-headline-text\"><a href=\"https:\/\/fuerteservicio.com\/en\/cleaning-fuerteventura\/\">Limpieza<\/a><\/h3>\n<\/div><\/div>\n\n<div class=\"gb-grid-column gb-grid-column-97f899be gb-query-loop-item post-861 page type-page status-publish has-post-thumbnail\"><div class=\"gb-container gb-container-97f899be shadow-box-gris\">\n<figure class=\"gb-block-image gb-block-image-fb4b2e5b\"><a href=\"https:\/\/fuerteservicio.com\/en\/informatic-fuerteventura\/\"><img loading=\"lazy\" decoding=\"async\" width=\"640\" height=\"360\" src=\"https:\/\/fuerteservicio.com\/wp-content\/uploads\/2023\/06\/tienda-informatica-fuerteventura-1.png\" class=\"gb-image-fb4b2e5b\" alt=\"inform\u00e1tica fuerteventura\" srcset=\"https:\/\/fuerteservicio.com\/wp-content\/uploads\/2023\/06\/tienda-informatica-fuerteventura-1.png 640w, https:\/\/fuerteservicio.com\/wp-content\/uploads\/2023\/06\/tienda-informatica-fuerteventura-1-300x169.png 300w\" sizes=\"auto, (max-width: 640px) 100vw, 640px\" \/><\/a><\/figure>\n\n<h3 class=\"gb-headline gb-headline-35165ea3 gb-headline-text\"><a href=\"https:\/\/fuerteservicio.com\/en\/informatic-fuerteventura\/\">Inform\u00e1tica<\/a><\/h3>\n<\/div><\/div>\n\n<div class=\"gb-grid-column gb-grid-column-97f899be gb-query-loop-item post-1078 page type-page status-publish has-post-thumbnail\"><div class=\"gb-container gb-container-97f899be shadow-box-gris\">\n<figure class=\"gb-block-image gb-block-image-fb4b2e5b\"><a href=\"https:\/\/fuerteservicio.com\/en\/itv-fuerteventura\/\"><img loading=\"lazy\" decoding=\"async\" width=\"640\" height=\"360\" src=\"https:\/\/fuerteservicio.com\/wp-content\/uploads\/2023\/09\/ITV-Fuerteventura-El-Matorral.png\" class=\"gb-image-fb4b2e5b\" alt=\"pasar itv Fuerteventura\" srcset=\"https:\/\/fuerteservicio.com\/wp-content\/uploads\/2023\/09\/ITV-Fuerteventura-El-Matorral.png 640w, https:\/\/fuerteservicio.com\/wp-content\/uploads\/2023\/09\/ITV-Fuerteventura-El-Matorral-300x169.png 300w\" sizes=\"auto, (max-width: 640px) 100vw, 640px\" \/><\/a><\/figure>\n\n<h3 class=\"gb-headline gb-headline-35165ea3 gb-headline-text\"><a href=\"https:\/\/fuerteservicio.com\/en\/itv-fuerteventura\/\">ITV<\/a><\/h3>\n<\/div><\/div>\n\n<div class=\"gb-grid-column gb-grid-column-97f899be gb-query-loop-item post-1215 page type-page status-publish has-post-thumbnail\"><div class=\"gb-container gb-container-97f899be shadow-box-gris\">\n<figure class=\"gb-block-image gb-block-image-fb4b2e5b\"><a href=\"https:\/\/fuerteservicio.com\/en\/tow-truck-fuerteventura\/\"><img loading=\"lazy\" decoding=\"async\" width=\"640\" height=\"360\" src=\"https:\/\/fuerteservicio.com\/wp-content\/uploads\/2023\/09\/Servicio-grua-fuerteventura-e1695843627261.png\" class=\"gb-image-fb4b2e5b\" alt=\"grua fuerteventura\" srcset=\"https:\/\/fuerteservicio.com\/wp-content\/uploads\/2023\/09\/Servicio-grua-fuerteventura-e1695843627261.png 640w, https:\/\/fuerteservicio.com\/wp-content\/uploads\/2023\/09\/Servicio-grua-fuerteventura-e1695843627261-300x169.png 300w\" sizes=\"auto, (max-width: 640px) 100vw, 640px\" \/><\/a><\/figure>\n\n<h3 class=\"gb-headline gb-headline-35165ea3 gb-headline-text\"><a href=\"https:\/\/fuerteservicio.com\/en\/tow-truck-fuerteventura\/\">Gr\u00faa<\/a><\/h3>\n<\/div><\/div>\n<\/div>\n\n\n<div class=\"gb-container gb-container-2aed9623\">\n\n<p class=\"gb-headline gb-headline-ff9804ec gb-headline-text\"><strong>Si eres un profesional y quieres que tus servicios aparezcan aqu\u00ed, revisa el siguiente enlace:<\/strong><\/p>\n\n\n<div class=\"gb-container gb-container-bb7f49f1\">\n<style>.wp-block-kadence-advancedbtn.kb-btns315_ce169f-5b{gap:var(--global-kb-gap-xs, 0.5rem );justify-content:center;align-items:center;}.kt-btns315_ce169f-5b .kt-button{font-weight:normal;font-style:normal;}.kt-btns315_ce169f-5b .kt-btn-wrap-0{margin-right:5px;}.wp-block-kadence-advancedbtn.kt-btns315_ce169f-5b .kt-btn-wrap-0 .kt-button{color:#555555;border-color:#555555;}.wp-block-kadence-advancedbtn.kt-btns315_ce169f-5b .kt-btn-wrap-0 .kt-button:hover, .wp-block-kadence-advancedbtn.kt-btns315_ce169f-5b .kt-btn-wrap-0 .kt-button:focus{color:#ffffff;border-color:#444444;}.wp-block-kadence-advancedbtn.kt-btns315_ce169f-5b .kt-btn-wrap-0 .kt-button::before{display:none;}.wp-block-kadence-advancedbtn.kt-btns315_ce169f-5b .kt-btn-wrap-0 .kt-button:hover, .wp-block-kadence-advancedbtn.kt-btns315_ce169f-5b .kt-btn-wrap-0 .kt-button:focus{background:#444444;}@media all and (max-width: 767px){.wp-block-kadence-advancedbtn.kt-btns315_ce169f-5b, .site .entry-content .wp-block-kadence-advancedbtn.kt-btns315_ce169f-5b, .wp-block-kadence-advancedbtn.kb-btns315_ce169f-5b, .site .entry-content .wp-block-kadence-advancedbtn.kb-btns315_ce169f-5b{margin-bottom:var(--global-kb-spacing-md, 2rem);}}<\/style>\n<div class=\"wp-block-kadence-advancedbtn kb-buttons-wrap kb-btns315_ce169f-5b\"><style>ul.menu .wp-block-kadence-advancedbtn .kb-btn315_62dc84-a3.kb-button{width:initial;}.wp-block-kadence-advancedbtn .kb-btn315_62dc84-a3.kb-button{color:#00446e;border-top-left-radius:0px;border-top-right-radius:0px;border-bottom-right-radius:0px;border-bottom-left-radius:0px;border-top-color:#00446e;border-top-style:solid;border-right-color:#00446e;border-right-style:solid;border-bottom-color:#00446e;border-bottom-style:solid;border-left-color:#00446e;border-left-style:solid;}.wp-block-kadence-advancedbtn .kb-btn315_62dc84-a3.kb-button:hover, .wp-block-kadence-advancedbtn .kb-btn315_62dc84-a3.kb-button:focus{color:#00446e;background:#49f016;border-top-color:#00446e;border-top-style:solid;border-right-color:#00446e;border-right-style:solid;border-bottom-color:#00446e;border-bottom-style:solid;border-left-color:#00446e;border-left-style:solid;}@media all and (max-width: 1024px){.wp-block-kadence-advancedbtn .kb-btn315_62dc84-a3.kb-button{border-top-color:#00446e;border-top-style:solid;border-right-color:#00446e;border-right-style:solid;border-bottom-color:#00446e;border-bottom-style:solid;border-left-color:#00446e;border-left-style:solid;}}@media all and (max-width: 1024px){.wp-block-kadence-advancedbtn .kb-btn315_62dc84-a3.kb-button:hover, .wp-block-kadence-advancedbtn .kb-btn315_62dc84-a3.kb-button:focus{border-top-color:#00446e;border-top-style:solid;border-right-color:#00446e;border-right-style:solid;border-bottom-color:#00446e;border-bottom-style:solid;border-left-color:#00446e;border-left-style:solid;}}@media all and (max-width: 767px){.wp-block-kadence-advancedbtn .kb-btn315_62dc84-a3.kb-button{font-size:24px;border-top:5px solid #00446e;border-right:5px solid #00446e;border-bottom:5px solid #00446e;border-left:5px solid #00446e;padding-top:var(--global-kb-spacing-xs, 1rem);padding-bottom:var(--global-kb-spacing-xs, 1rem);}.wp-block-kadence-advancedbtn .kb-btn315_62dc84-a3.kb-button:hover, .wp-block-kadence-advancedbtn .kb-btn315_62dc84-a3.kb-button:focus{border-top-color:#00446e;border-top-style:solid;border-right-color:#00446e;border-right-style:solid;border-bottom-color:#00446e;border-bottom-style:solid;border-left-color:#00446e;border-left-style:solid;}}<\/style><a class=\"kb-button kt-button button kb-btn315_62dc84-a3 kt-btn-size-xlarge kt-btn-width-type-auto kb-btn-global-outline  kt-btn-has-text-true kt-btn-has-svg-false  wp-block-kadence-singlebtn\" href=\"https:\/\/fuerteservicio.com\/publicidad-fuerteventura\/\"><span class=\"kt-btn-inner-text\"><strong>Quiero aparecer aqu\u00ed<\/strong><\/span><\/a><\/div>\n\n<\/div>\n<\/div>\n<\/div>\n<\/div><\/div>\n<\/div>\n<\/div>","protected":false},"excerpt":{"rendered":"","protected":false},"author":1,"featured_media":462,"parent":0,"menu_order":0,"comment_status":"closed","ping_status":"closed","template":"","meta":{"_kad_blocks_custom_css":"","_kad_blocks_head_custom_js":"","_kad_blocks_body_custom_js":"","_kad_blocks_footer_custom_js":"","footnotes":""},"class_list":["post-315","page","type-page","status-publish","has-post-thumbnail"],"taxonomy_info":[],"featured_image_src_large":["https:\/\/fuerteservicio.com\/wp-content\/uploads\/2023\/03\/Favicon-fuerteservicio.png",512,512,false],"author_info":{"display_name":"admin","author_link":"https:\/\/fuerteservicio.com\/en\/author\/admin\/"},"comment_info":0,"_links":{"self":[{"href":"https:\/\/fuerteservicio.com\/en\/wp-json\/wp\/v2\/pages\/315","targetHints":{"allow":["GET"]}}],"collection":[{"href":"https:\/\/fuerteservicio.com\/en\/wp-json\/wp\/v2\/pages"}],"about":[{"href":"https:\/\/fuerteservicio.com\/en\/wp-json\/wp\/v2\/types\/page"}],"author":[{"embeddable":true,"href":"https:\/\/fuerteservicio.com\/en\/wp-json\/wp\/v2\/users\/1"}],"replies":[{"embeddable":true,"href":"https:\/\/fuerteservicio.com\/en\/wp-json\/wp\/v2\/comments?post=315"}],"version-history":[{"count":95,"href":"https:\/\/fuerteservicio.com\/en\/wp-json\/wp\/v2\/pages\/315\/revisions"}],"predecessor-version":[{"id":1911,"href":"https:\/\/fuerteservicio.com\/en\/wp-json\/wp\/v2\/pages\/315\/revisions\/1911"}],"wp:featuredmedia":[{"embeddable":true,"href":"https:\/\/fuerteservicio.com\/en\/wp-json\/wp\/v2\/media\/462"}],"wp:attachment":[{"href":"https:\/\/fuerteservicio.com\/en\/wp-json\/wp\/v2\/media?parent=315"}],"curies":[{"name":"wp","href":"https:\/\/api.w.org\/{rel}","templated":true}]}}